{"id":100,"date":"2015-12-11T20:10:01","date_gmt":"2015-12-11T20:10:01","guid":{"rendered":"http:\/\/this.goncalves\/?page_id=100"},"modified":"2025-05-21T21:24:11","modified_gmt":"2025-05-22T00:24:11","slug":"goncalves-mexico","status":"publish","type":"page","link":"https:\/\/goncalves.com.br\/es\/goncalves-mexico\/","title":{"rendered":"Gon\u00e7alves M\u00e9xico"},"content":{"rendered":"<p>[et_pb_section fb_built=&#8221;1&#8243; _builder_version=&#8221;4.25.1&#8243; _module_preset=&#8221;default&#8221; positioning=&#8221;none&#8221; custom_margin=&#8221;||||false|false&#8221; custom_padding=&#8221;||||true|false&#8221; global_colors_info=&#8221;{}&#8221;][et_pb_row column_structure=&#8221;1_4,3_4&#8243; _builder_version=&#8221;4.25.1&#8243; _module_preset=&#8221;default&#8221; custom_margin=&#8221;0px||||false|false&#8221; custom_padding=&#8221;0px||0px||false|false&#8221; global_colors_info=&#8221;{}&#8221;][et_pb_column type=&#8221;1_4&#8243; _builder_version=&#8221;4.25.1&#8243; _module_preset=&#8221;default&#8221; custom_padding=&#8221;0px||0px||true|false&#8221; global_colors_info=&#8221;{}&#8221;][et_pb_text _builder_version=&#8221;4.25.1&#8243; _module_preset=&#8221;default&#8221; header_font=&#8221;|800|||||||&#8221; header_text_color=&#8221;gcid-9f99e831-216c-4f5b-b9fb-db3f6040ff93&#8243; header_font_size=&#8221;34px&#8221; header_line_height=&#8221;1.4em&#8221; header_2_font=&#8221;Mulish|800|||||||&#8221; header_2_text_color=&#8221;gcid-9f99e831-216c-4f5b-b9fb-db3f6040ff93&#8243; header_2_font_size=&#8221;32px&#8221; header_2_line_height=&#8221;1.3em&#8221; custom_margin=&#8221;0px||0px||true|false&#8221; custom_padding=&#8221;0px||0px||true|false&#8221; header_font_size_tablet=&#8221;34px&#8221; header_font_size_phone=&#8221;34px&#8221; header_font_size_last_edited=&#8221;on|tablet&#8221; global_colors_info=&#8221;{%22gcid-9f99e831-216c-4f5b-b9fb-db3f6040ff93%22:%91%22header_text_color%22,%22header_2_text_color%22%93}&#8221;]<\/p>\n<h1><span>Gon\u00e7alves M\u00e9xico desde 2008<br \/><\/span><\/h1>\n<p>[\/et_pb_text][\/et_pb_column][et_pb_column type=&#8221;3_4&#8243; _builder_version=&#8221;4.25.1&#8243; _module_preset=&#8221;default&#8221; custom_padding=&#8221;0px||0px||true|false&#8221; global_colors_info=&#8221;{}&#8221;][\/et_pb_column][\/et_pb_row][et_pb_row _builder_version=&#8221;4.24.3&#8243; _module_preset=&#8221;default&#8221; width=&#8221;100%&#8221; max_width=&#8221;100%&#8221; global_colors_info=&#8221;{}&#8221;][et_pb_column type=&#8221;4_4&#8243; _builder_version=&#8221;4.24.3&#8243; _module_preset=&#8221;default&#8221; global_colors_info=&#8221;{}&#8221;][et_pb_image src=&#8221;https:\/\/goncalves.com.br\/es\/wp-content\/uploads\/2024\/05\/goncalves-mexico-2.jpg&#8221; title_text=&#8221;goncalves-mexico-2&#8243; _builder_version=&#8221;4.25.1&#8243; _module_preset=&#8221;default&#8221; global_colors_info=&#8221;{}&#8221;][\/et_pb_image][et_pb_text _builder_version=&#8221;4.27.4&#8243; _module_preset=&#8221;default&#8221; text_text_color=&#8221;#FFFFFF&#8221; text_font_size=&#8221;17px&#8221; text_line_height=&#8221;1.4em&#8221; header_4_font=&#8221;|800|||||||&#8221; header_4_text_align=&#8221;right&#8221; header_4_text_color=&#8221;#FFFFFF&#8221; header_4_font_size=&#8221;40px&#8221; positioning=&#8221;absolute&#8221; position_origin_a=&#8221;center_right&#8221; horizontal_offset=&#8221;65px&#8221; text_orientation=&#8221;right&#8221; width=&#8221;100%&#8221; hover_enabled=&#8221;0&#8243; header_4_font_size_tablet=&#8221;26px&#8221; header_4_font_size_phone=&#8221;19px&#8221; header_4_font_size_last_edited=&#8221;on|phone&#8221; global_colors_info=&#8221;{}&#8221; sticky_enabled=&#8221;0&#8243;]<\/p>\n<h4>Nuestro parque<br \/>\ngraficar en<br \/>\nM\u00e9xico.<span><\/span><\/h4>\n<p>[\/et_pb_text][\/et_pb_column][\/et_pb_row][et_pb_row column_structure=&#8221;1_4,3_4&#8243; _builder_version=&#8221;4.24.3&#8243; _module_preset=&#8221;default&#8221; global_colors_info=&#8221;{}&#8221;][et_pb_column type=&#8221;1_4&#8243; _builder_version=&#8221;4.24.3&#8243; _module_preset=&#8221;default&#8221; global_colors_info=&#8221;{}&#8221;][et_pb_text _builder_version=&#8221;4.27.4&#8243; _module_preset=&#8221;default&#8221; text_font=&#8221;Mulish||||||||&#8221; text_text_color=&#8221;#014051&#8243; header_3_font=&#8221;|700|||||||&#8221; header_3_font_size=&#8221;28px&#8221; header_3_line_height=&#8221;1.3em&#8221; hover_enabled=&#8221;0&#8243; global_colors_info=&#8221;{}&#8221; sticky_enabled=&#8221;0&#8243;]<\/p>\n<h3>Invertimos m\u00e1s de 15 millones de d\u00f3lares en innovaciones tecnol\u00f3gicas entre 2021 y 2024.<\/h3>\n<p>[\/et_pb_text][\/et_pb_column][et_pb_column type=&#8221;3_4&#8243; _builder_version=&#8221;4.24.3&#8243; _module_preset=&#8221;default&#8221; global_colors_info=&#8221;{}&#8221;][et_pb_text _builder_version=&#8221;4.25.1&#8243; _module_preset=&#8221;default&#8221; global_colors_info=&#8221;{}&#8221;]<\/p>\n<p>La innovaci\u00f3n tecnol\u00f3gica es, sin duda, uno de los activos que nos permiten ofrecer a nuestros clientes productos y servicios diferenciados, con alta calidad y agilidad.<\/p>\n<p>Siguiendo de cerca los lanzamientos de la industria en materia de equipos gr\u00e1ficos, hemos reforzado nuestra estructura con las m\u00e1s avanzadas m\u00e1quinas y sistemas digitales para las distintas etapas del proceso productivo del packaging, siempre enfocados en la mejor soluci\u00f3n para nuestros clientes.<\/p>\n<p>[\/et_pb_text][\/et_pb_column][\/et_pb_row][et_pb_row column_structure=&#8221;2_3,1_3&#8243; _builder_version=&#8221;4.24.3&#8243; _module_preset=&#8221;default&#8221; global_colors_info=&#8221;{}&#8221;][et_pb_column type=&#8221;2_3&#8243; _builder_version=&#8221;4.24.3&#8243; _module_preset=&#8221;default&#8221; global_colors_info=&#8221;{}&#8221;][et_pb_image src=&#8221;https:\/\/goncalves.com.br\/es\/wp-content\/uploads\/2024\/05\/goncalves-mexico-3.jpg&#8221; title_text=&#8221;goncalves-mexico-3&#8243; _builder_version=&#8221;4.25.1&#8243; _module_preset=&#8221;default&#8221; global_colors_info=&#8221;{}&#8221;][\/et_pb_image][\/et_pb_column][et_pb_column type=&#8221;1_3&#8243; _builder_version=&#8221;4.24.3&#8243; _module_preset=&#8221;default&#8221; global_colors_info=&#8221;{}&#8221;][et_pb_text _builder_version=&#8221;4.25.1&#8243; _module_preset=&#8221;default&#8221; header_3_font_size=&#8221;28px&#8221; header_3_line_height=&#8221;1.3em&#8221; global_colors_info=&#8221;{}&#8221;]<\/p>\n<h3 class=\"cvGsUA direction-ltr align-center para-style-body\">Disponemos de m\u00e1s de 3.500 puestos disponibles en el Sistema Kanban.<\/h3>\n<p>[\/et_pb_text][\/et_pb_column][\/et_pb_row][\/et_pb_section]<\/p>\n","protected":false},"excerpt":{"rendered":"<p>Gon\u00e7alves M\u00e9xico desde 2008Nuestro parque graficar en M\u00e9xico.Invertimos m\u00e1s de 15 millones de d\u00f3lares en innovaciones tecnol\u00f3gicas entre 2021 y 2024.La innovaci\u00f3n tecnol\u00f3gica es, sin duda, uno de los activos que nos permiten ofrecer a nuestros clientes productos y servicios diferenciados, con alta calidad y agilidad. Siguiendo de cerca los lanzamientos de la industria en [&hellip;]<\/p>\n","protected":false},"author":1,"featured_media":0,"parent":0,"menu_order":20,"comment_status":"closed","ping_status":"closed","template":"","meta":{"_et_pb_use_builder":"on","_et_pb_old_content":"<span class=\"fa fa-map-marker\"> <\/span>Av. Camino Antiguo a Coyotepec, Fracci\u00f3n A Poniente, Lote A, n\u00famero externo 86, Edificio 7\nLa Teja \/ CP 54607\nTepotzotl\u00e1n - Cidade do M\u00e9xico \u2013 M\u00e9xico\n<span class=\"fa fa-phone\"> <\/span>+52 (55) 5899-8500\n\n<span class=\"fa fa-link\"> <\/span><a href=\"https:\/\/goncalves.com.br\/es\">goncalves.com.mx<\/a>","_et_gb_content_width":"","footnotes":""},"dipi_cpt_category":[],"class_list":["post-100","page","type-page","status-publish","hentry"],"_links":{"self":[{"href":"https:\/\/goncalves.com.br\/es\/wp-json\/wp\/v2\/pages\/100","targetHints":{"allow":["GET"]}}],"collection":[{"href":"https:\/\/goncalves.com.br\/es\/wp-json\/wp\/v2\/pages"}],"about":[{"href":"https:\/\/goncalves.com.br\/es\/wp-json\/wp\/v2\/types\/page"}],"author":[{"embeddable":true,"href":"https:\/\/goncalves.com.br\/es\/wp-json\/wp\/v2\/users\/1"}],"replies":[{"embeddable":true,"href":"https:\/\/goncalves.com.br\/es\/wp-json\/wp\/v2\/comments?post=100"}],"version-history":[{"count":2,"href":"https:\/\/goncalves.com.br\/es\/wp-json\/wp\/v2\/pages\/100\/revisions"}],"predecessor-version":[{"id":1738,"href":"https:\/\/goncalves.com.br\/es\/wp-json\/wp\/v2\/pages\/100\/revisions\/1738"}],"wp:attachment":[{"href":"https:\/\/goncalves.com.br\/es\/wp-json\/wp\/v2\/media?parent=100"}],"wp:term":[{"taxonomy":"dipi_cpt_category","embeddable":true,"href":"https:\/\/goncalves.com.br\/es\/wp-json\/wp\/v2\/dipi_cpt_category?post=100"}],"curies":[{"name":"wp","href":"https:\/\/api.w.org\/{rel}","templated":true}]}}