{"id":1605,"date":"2015-12-08T16:54:43","date_gmt":"2015-12-08T16:54:43","guid":{"rendered":"http:\/\/this.goncalves\/?page_id=2"},"modified":"2025-05-21T21:18:44","modified_gmt":"2025-05-22T00:18:44","slug":"grupo-goncalves","status":"publish","type":"page","link":"https:\/\/goncalves.com.br\/es\/grupo-goncalves\/","title":{"rendered":"Qui\u00e9nes Somos"},"content":{"rendered":"<p>[et_pb_section fb_built=&#8221;1&#8243; _builder_version=&#8221;4.27.4&#8243; _module_preset=&#8221;default&#8221; background_color=&#8221;#FFFFFF&#8221; positioning=&#8221;none&#8221; custom_margin=&#8221;0px||80px||false|false&#8221; custom_padding=&#8221;0px||0px||true|&#8221; global_colors_info=&#8221;{}&#8221;][et_pb_row column_structure=&#8221;3_5,2_5&#8243; use_custom_gutter=&#8221;on&#8221; gutter_width=&#8221;1&#8243; make_equal=&#8221;on&#8221; _builder_version=&#8221;4.25.1&#8243; _module_preset=&#8221;default&#8221; background_enable_color=&#8221;off&#8221; width=&#8221;100%&#8221; max_width=&#8221;100%&#8221; custom_margin=&#8221;0px||0px||true|false&#8221; custom_padding=&#8221;0px||0px||true|false&#8221; global_colors_info=&#8221;{%22gcid-secondary-color%22:%91%22background_color%22%93}&#8221;][et_pb_column type=&#8221;3_5&#8243; _builder_version=&#8221;4.25.1&#8243; _module_preset=&#8221;default&#8221; background_enable_image=&#8221;off&#8221; background_size=&#8221;initial&#8221; background_enable_video_mp4=&#8221;off&#8221; custom_padding=&#8221;||||false|false&#8221; background_last_edited=&#8221;on|tablet&#8221; background_enable_image_tablet=&#8221;off&#8221; background_enable_image_phone=&#8221;off&#8221; global_colors_info=&#8221;{}&#8221;][et_pb_video src=&#8221;https:\/\/goncalves.com.br\/es\/wp-content\/uploads\/2025\/05\/embalagens-atributos.mp4&#8243; _builder_version=&#8221;4.27.4&#8243; _module_preset=&#8221;default&#8221; global_colors_info=&#8221;{}&#8221;][\/et_pb_video][\/et_pb_column][et_pb_column type=&#8221;2_5&#8243; _builder_version=&#8221;4.25.1&#8243; _module_preset=&#8221;default&#8221; background_color=&#8221;gcid-5c1136f1-2eec-43d8-9c56-5041b5b3ae55&#8243; custom_padding=&#8221;||||true|false&#8221; global_colors_info=&#8221;{%22gcid-5c1136f1-2eec-43d8-9c56-5041b5b3ae55%22:%91%22background_color%22%93}&#8221;][et_pb_text _builder_version=&#8221;4.27.4&#8243; _module_preset=&#8221;default&#8221; text_text_color=&#8221;#FFFFFF&#8221; text_line_height=&#8221;1.6em&#8221; header_3_text_color=&#8221;gcid-2eee3c1e-d8f2-4ab7-a95c-ff7e12b6b00e&#8221; header_3_font_size=&#8221;35px&#8221; header_3_line_height=&#8221;1.3em&#8221; custom_padding=&#8221;15%|15%|7%|15%|false|true&#8221; custom_padding_tablet=&#8221;5%|8%|5%|8%|true|true&#8221; custom_padding_phone=&#8221;5%|8%|5%|8%|true|true&#8221; custom_padding_last_edited=&#8221;on|phone&#8221; header_3_font_size_tablet=&#8221;32px&#8221; header_3_font_size_phone=&#8221;32px&#8221; header_3_font_size_last_edited=&#8221;on|phone&#8221; global_colors_info=&#8221;{%22gcid-2eee3c1e-d8f2-4ab7-a95c-ff7e12b6b00e%22:%91%22header_3_text_color%22%93}&#8221;]<\/p>\n<h3><span style=\"font-weight: 400;\">Hay diferentes formas de definir qui\u00e9nes somos.<\/span><\/h3>\n<p>&nbsp;<\/p>\n<p><span style=\"font-weight: 400;\">Somos una industria de empaques gr\u00e1ficos que se ha convertido en una referencia en el sector por una serie de razones: modernas y amplias instalaciones en Brasil y M\u00e9xico, avanzadas tecnolog\u00edas de impresi\u00f3n y acabado, un amplio portafolio de productos, equipo de desarrollo e innovaci\u00f3n y una amplia gama de servicios.<\/span><\/p>\n<p><span style=\"font-weight: 400;\">Somos, por encima de todo, una organizaci\u00f3n que gira en torno a un eje fundamental: nuestros clientes. En el video que preparamos, podr\u00e1s hacer una breve visita a nuestras instalaciones.\u00a0<\/span><\/p>\n<p>[\/et_pb_text][dipl_modal modal_id=&#8221;video&#8221; trigger_button_text=&#8221;haz clic aqu\u00ed para ver&#8221; close_on_esc=&#8221;on&#8221; show_modal_title=&#8221;off&#8221; show_footer=&#8221;off&#8221; modal_content_type=&#8221;video&#8221; modal_content_video=&#8221;https:\/\/www.youtube.com\/watch?v=dZ2-fM8EhRE&#8221; modal_overlay_bg_color=&#8221;rgba(0,0,0,0.54)&#8221; modal_bg_color=&#8221;#FFFFFF&#8221; modal_header_bg_color=&#8221;#FFFFFF&#8221; modal_close_icon_color=&#8221;gcid-secondary-color&#8221; _builder_version=&#8221;4.27.4&#8243; _module_preset=&#8221;default&#8221; custom_trigger_button=&#8221;on&#8221; trigger_button_text_size=&#8221;16px&#8221; trigger_button_bg_color=&#8221;gcid-0e0dda4c-40c8-40eb-adc7-e75127c3ea01&#8243; text_orientation=&#8221;center&#8221; modal_width=&#8221;90%&#8221; custom_margin=&#8221;||40px||false|false&#8221; text_orientation_tablet=&#8221;center&#8221; text_orientation_last_edited=&#8221;off|desktop&#8221; border_radii_modal=&#8221;on|20px|20px|20px|20px&#8221; global_colors_info=&#8221;{%22gcid-secondary-color%22:%91%22modal_close_icon_color%22%93,%22gcid-0e0dda4c-40c8-40eb-adc7-e75127c3ea01%22:%91%22trigger_button_bg_color%22%93}&#8221;][\/dipl_modal][\/et_pb_column][\/et_pb_row][et_pb_row column_structure=&#8221;1_4,3_4&#8243; _builder_version=&#8221;4.27.4&#8243; _module_preset=&#8221;default&#8221; custom_margin=&#8221;0px||0px||true|false&#8221; custom_padding=&#8221;70px||20px||false|false&#8221; global_colors_info=&#8221;{}&#8221;][et_pb_column type=&#8221;1_4&#8243; _builder_version=&#8221;4.25.1&#8243; _module_preset=&#8221;default&#8221; custom_padding=&#8221;0px||0px||true|false&#8221; global_colors_info=&#8221;{}&#8221;][et_pb_text _builder_version=&#8221;4.27.4&#8243; _module_preset=&#8221;default&#8221; header_2_font=&#8221;Mulish|800|||||||&#8221; header_2_text_color=&#8221;#5212c9&#8243; header_2_font_size=&#8221;32px&#8221; header_2_line_height=&#8221;1.3em&#8221; header_3_text_color=&#8221;gcid-9f99e831-216c-4f5b-b9fb-db3f6040ff93&#8243; header_3_font_size=&#8221;32px&#8221; header_3_line_height=&#8221;1.2em&#8221; global_colors_info=&#8221;{%22gcid-9f99e831-216c-4f5b-b9fb-db3f6040ff93%22:%91%22header_3_text_color%22%93}&#8221;]<\/p>\n<h2><strong>De una peque\u00f1a tipograf\u00eda a multinacional<\/strong><\/h2>\n<h3><span style=\"font-weight: 400;\">Una fascinante historia de \u00e9xito empresarial<\/span><\/h3>\n<p>[\/et_pb_text][\/et_pb_column][et_pb_column type=&#8221;3_4&#8243; _builder_version=&#8221;4.25.1&#8243; _module_preset=&#8221;default&#8221; custom_padding=&#8221;0px||0px||true|false&#8221; global_colors_info=&#8221;{}&#8221;][et_pb_text _builder_version=&#8221;4.27.4&#8243; _module_preset=&#8221;default&#8221; text_font=&#8221;Mulish||||||||&#8221; text_text_color=&#8221;#014051&#8243; global_colors_info=&#8221;{}&#8221;]<\/p>\n<p><span style=\"font-weight: 400;\">Somos una organizaci\u00f3n con una inmensa capacidad de innovar, inventar y reinventarnos para evolucionar y crecer continuamente. Nuestra historia es prueba de ello. Comenzamos en 1939, como una tipograf\u00eda en el barrio Belenzinho, en S\u00e3o Paulo.<\/span><\/p>\n<p><span style=\"font-weight: 400;\">Con coraje, determinaci\u00f3n, esp\u00edritu visionario y mucho trabajo, nos convertimos en una industria de empaques reconocida en el mercado y la primera organizaci\u00f3n brasile\u00f1a del sector en convertirse en multinacional.\u00a0<\/span><\/p>\n<blockquote>\n<p><strong>Como nuestra historia abarca muchas d\u00e9cadas, encontramos la manera de resumirla en un video animado.<\/strong><\/p>\n<\/blockquote>\n<p>[\/et_pb_text][dipl_modal modal_id=&#8221;video&#8221; trigger_button_text=&#8221;haz clic aqu\u00ed para ver&#8221; close_on_esc=&#8221;on&#8221; show_modal_title=&#8221;off&#8221; show_footer=&#8221;off&#8221; modal_content_type=&#8221;video&#8221; modal_content_video=&#8221;https:\/\/youtu.be\/t4mJ0Tse6ok?feature=shared&#8221; modal_overlay_bg_color=&#8221;rgba(0,0,0,0.54)&#8221; modal_bg_color=&#8221;#FFFFFF&#8221; modal_header_bg_color=&#8221;#FFFFFF&#8221; modal_close_icon_color=&#8221;gcid-secondary-color&#8221; _builder_version=&#8221;4.27.4&#8243; _module_preset=&#8221;default&#8221; custom_trigger_button=&#8221;on&#8221; trigger_button_text_size=&#8221;16px&#8221; trigger_button_bg_color=&#8221;gcid-c9274cf4-6b96-4a07-a58b-79784523d30a&#8221; text_orientation=&#8221;left&#8221; modal_width=&#8221;90%&#8221; custom_margin=&#8221;||40px||false|false&#8221; text_orientation_tablet=&#8221;center&#8221; text_orientation_phone=&#8221;center&#8221; text_orientation_last_edited=&#8221;on|tablet&#8221; border_radii_modal=&#8221;on|20px|20px|20px|20px&#8221; global_colors_info=&#8221;{%22gcid-c9274cf4-6b96-4a07-a58b-79784523d30a%22:%91%22trigger_button_bg_color%22%93,%22gcid-secondary-color%22:%91%22modal_close_icon_color%22%93}&#8221;][\/dipl_modal][\/et_pb_column][\/et_pb_row][et_pb_row column_structure=&#8221;1_2,1_4,1_4&#8243; _builder_version=&#8221;4.27.4&#8243; _module_preset=&#8221;default&#8221; custom_margin=&#8221;0px||0px||true|false&#8221; custom_padding=&#8221;30px||30px||true|false&#8221; global_colors_info=&#8221;{}&#8221;][et_pb_column type=&#8221;1_2&#8243; _builder_version=&#8221;4.25.1&#8243; _module_preset=&#8221;default&#8221; custom_padding=&#8221;0px||0px||true|false&#8221; global_colors_info=&#8221;{}&#8221;][et_pb_image src=&#8221;https:\/\/goncalves.com.br\/es\/wp-content\/uploads\/2025\/05\/industria-de-embalagens-exportadora-1.jpg&#8221; title_text=&#8221;industria-de-embalagens-exportadora&#8221; align=&#8221;center&#8221; _builder_version=&#8221;4.27.4&#8243; _module_preset=&#8221;default&#8221; width=&#8221;70%&#8221; width_tablet=&#8221;100%&#8221; width_phone=&#8221;100%&#8221; width_last_edited=&#8221;on|tablet&#8221; global_colors_info=&#8221;{}&#8221;][\/et_pb_image][\/et_pb_column][et_pb_column type=&#8221;1_4&#8243; _builder_version=&#8221;4.25.1&#8243; _module_preset=&#8221;default&#8221; custom_padding=&#8221;0px||0px||true|false&#8221; global_colors_info=&#8221;{}&#8221;][et_pb_text _builder_version=&#8221;4.27.4&#8243; _module_preset=&#8221;default&#8221; header_2_font=&#8221;Mulish|800|||||||&#8221; header_2_text_color=&#8221;#5212c9&#8243; header_2_font_size=&#8221;32px&#8221; header_2_line_height=&#8221;1.3em&#8221; header_3_text_color=&#8221;gcid-83c18f43-96d7-4979-a0b6-1dfd1d7c1efc&#8221; header_3_font_size=&#8221;32px&#8221; header_3_line_height=&#8221;1.2em&#8221; custom_margin=&#8221;80px||||false|false&#8221; custom_margin_tablet=&#8221;0px||||false|false&#8221; custom_margin_phone=&#8221;0px||||false|false&#8221; custom_margin_last_edited=&#8221;on|tablet&#8221; global_colors_info=&#8221;{%22gcid-83c18f43-96d7-4979-a0b6-1dfd1d7c1efc%22:%91%22header_3_text_color%22%93}&#8221;]<\/p>\n<h3><span style=\"font-weight: 400;\">Empacando los productos de nuestros clientes, nuestras soluciones de empaque llegan a los lugares m\u00e1s diversos del planeta.<\/span><\/h3>\n<p>[\/et_pb_text][\/et_pb_column][et_pb_column type=&#8221;1_4&#8243; _builder_version=&#8221;4.25.1&#8243; _module_preset=&#8221;default&#8221; custom_padding=&#8221;0px||0px||true|false&#8221; global_colors_info=&#8221;{}&#8221;][et_pb_text _builder_version=&#8221;4.27.4&#8243; _module_preset=&#8221;default&#8221; text_font=&#8221;Mulish||||||||&#8221; text_text_color=&#8221;#014051&#8243; custom_margin=&#8221;80px||||false|false&#8221; custom_margin_tablet=&#8221;0px||||false|false&#8221; custom_margin_phone=&#8221;0px||||false|false&#8221; custom_margin_last_edited=&#8221;on|tablet&#8221; global_colors_info=&#8221;{}&#8221;]<\/p>\n<p><span style=\"font-weight: 400;\">Somos Gon\u00e7alves de Brasil y Gon\u00e7alves de M\u00e9xico, con unidades amplias y modernas y un equipo que, sumando ambos pa\u00edses, re\u00fane a m\u00e1s de 1.000 profesionales que trabajan con dedicaci\u00f3n para atender e impactar a nuestros clientes. Conoce nuestras plantas.<\/span><\/p>\n<p>[\/et_pb_text][\/et_pb_column][\/et_pb_row][et_pb_row _builder_version=&#8221;4.25.1&#8243; _module_preset=&#8221;default&#8221; width=&#8221;100%&#8221; max_width=&#8221;100%&#8221; custom_margin=&#8221;0px||0px||true|false&#8221; custom_padding=&#8221;0px||0px||true|false&#8221; global_colors_info=&#8221;{}&#8221;][et_pb_column type=&#8221;4_4&#8243; _builder_version=&#8221;4.24.3&#8243; _module_preset=&#8221;default&#8221; global_colors_info=&#8221;{}&#8221;][et_pb_image src=&#8221;https:\/\/goncalves.com.br\/es\/wp-content\/uploads\/2025\/05\/industria-de-embalagens-brasil-2.jpg&#8221; title_text=&#8221;industria-de-embalagens-brasil-mobile&#8221; url=&#8221;\/es\/goncalves-brasil&#8221; src_tablet=&#8221;https:\/\/goncalves.com.br\/es\/wp-content\/uploads\/2025\/05\/industria-de-embalagens-brasil-2.jpg&#8221; src_phone=&#8221;https:\/\/goncalves.com.br\/es\/wp-content\/uploads\/2025\/05\/industria-de-embalagens-brasil-mobile-1.jpg&#8221; src_last_edited=&#8221;on|phone&#8221; _builder_version=&#8221;4.27.4&#8243; _module_preset=&#8221;default&#8221; custom_margin=&#8221;0px||0px||true|false&#8221; custom_padding=&#8221;0px||0px||true|false&#8221; hover_enabled=&#8221;0&#8243; global_colors_info=&#8221;{}&#8221; sticky_enabled=&#8221;0&#8243;][\/et_pb_image][et_pb_image src=&#8221;https:\/\/goncalves.com.br\/es\/wp-content\/uploads\/2025\/05\/industria-de-embalagens-mexico-3.jpg&#8221; title_text=&#8221;industria-de-embalagens-mexico&#8221; url=&#8221;\/es\/goncalves-mexico&#8221; src_tablet=&#8221;https:\/\/goncalves.com.br\/es\/wp-content\/uploads\/2025\/05\/industria-de-embalagens-mexico-3.jpg&#8221; src_phone=&#8221;https:\/\/goncalves.com.br\/es\/wp-content\/uploads\/2025\/05\/industria-de-embalagens-mexico-mobile-2.jpg&#8221; src_last_edited=&#8221;on|phone&#8221; _builder_version=&#8221;4.27.4&#8243; _module_preset=&#8221;default&#8221; custom_margin=&#8221;0px||0px||true|false&#8221; custom_padding=&#8221;0px||0px||true|false&#8221; hover_enabled=&#8221;0&#8243; global_colors_info=&#8221;{}&#8221; sticky_enabled=&#8221;0&#8243;][\/et_pb_image][\/et_pb_column][\/et_pb_row][et_pb_row column_structure=&#8221;1_2,1_2&#8243; _builder_version=&#8221;4.27.4&#8243; _module_preset=&#8221;default&#8221; custom_margin=&#8221;40px||40px||true|false&#8221; global_colors_info=&#8221;{}&#8221;][et_pb_column type=&#8221;1_2&#8243; _builder_version=&#8221;4.27.4&#8243; _module_preset=&#8221;default&#8221; global_colors_info=&#8221;{}&#8221;][et_pb_text _builder_version=&#8221;4.27.4&#8243; _module_preset=&#8221;default&#8221; text_line_height=&#8221;1.5em&#8221; header_3_line_height=&#8221;1.5em&#8221; header_4_font_size=&#8221;22px&#8221; header_4_line_height=&#8221;1.5em&#8221; header_5_font=&#8221;|700|||||||&#8221; header_5_text_color=&#8221;gcid-9f99e831-216c-4f5b-b9fb-db3f6040ff93&#8243; header_5_line_height=&#8221;1.4em&#8221; global_colors_info=&#8221;{%22gcid-9f99e831-216c-4f5b-b9fb-db3f6040ff93%22:%91%22header_5_text_color%22%93}&#8221;]<\/p>\n<h4><strong>Gon\u00e7alves Brasil<\/strong><br \/><strong>Desde 1939<\/strong><\/h4>\n<p><strong>Planta actual:<\/strong><span>\u00a0<\/span>Cajamar (Estado de S\u00e3o Paulo)<br \/><strong>\u00c1rea:<\/strong><span>\u00a0<\/span>40.000 m\u00b2<br \/><strong>Capacidad productiva:<\/strong><span>\u00a0<\/span>24.000 toneladas\/a\u00f1o<br \/><strong>Capacidad ocupada:<\/strong><span>\u00a0<\/span>75%<br \/><strong>L\u00edneas de producci\u00f3n:<\/strong><span>\u00a0<\/span>10 (capacidad para 19 l\u00edneas)<br \/><strong>Colaboradores:<\/strong><span>\u00a0<\/span>550<\/p>\n<p>&nbsp;<\/p>\n<h4><strong>Gon\u00e7alves M\u00e9xico<\/strong><br \/><strong>Desde 2008<\/strong><\/h4>\n<p><strong>Planta actual:<\/strong><span>\u00a0<\/span>Tepotzotl\u00e1n (Estado de M\u00e9xico)<br \/><strong>\u00c1rea:<\/strong><span>\u00a0<\/span>26.500 m\u00b2<br \/><strong>Capacidad productiva:<\/strong><span>\u00a0<\/span>16.000 toneladas\/a\u00f1o<br \/><strong>Capacidad ocupada:<\/strong><span>\u00a0<\/span>75%<br \/><strong>L\u00edneas de producci\u00f3n:<\/strong><span>\u00a0<\/span>7 (capacidad para 14 l\u00edneas)<br \/><strong>Colaboradores:<\/strong><span>\u00a0<\/span>540<\/p>\n<p>&nbsp;<\/p>\n<h5>Un dato interesante: comenzamos a operar en M\u00e9xico en 2006, importando empaques fabricados en Brasil.<\/h5>\n<p>[\/et_pb_text][\/et_pb_column][et_pb_column type=&#8221;1_2&#8243; _builder_version=&#8221;4.27.4&#8243; _module_preset=&#8221;default&#8221; global_colors_info=&#8221;{}&#8221;][dipi_masonry_gallery gallery_ids=&#8221;1409,1410,1411,1412,1414,1417&#8243; columns=&#8221;2&#8243; gutter=&#8221;5&#8243; columns_tablet=&#8221;3&#8243; columns_phone=&#8221;3&#8243; columns_last_edited=&#8221;on|tablet&#8221; _builder_version=&#8221;4.27.4&#8243; _module_preset=&#8221;default&#8221; border_radii_grid_item=&#8221;on|30px|30px|30px|30px&#8221; border_radii_grid_item_tablet=&#8221;on|30px|30px|30px|30px&#8221; border_radii_grid_item_phone=&#8221;on|15px|15px|15px|15px&#8221; border_radii_grid_item_last_edited=&#8221;on|phone&#8221; global_colors_info=&#8221;{}&#8221;][\/dipi_masonry_gallery][\/et_pb_column][\/et_pb_row][\/et_pb_section]<\/p>\n","protected":false},"excerpt":{"rendered":"<p>Hay diferentes formas de definir qui\u00e9nes somos. &nbsp; Somos una industria de empaques gr\u00e1ficos que se ha convertido en una referencia en el sector por una serie de razones: modernas y amplias instalaciones en Brasil y M\u00e9xico, avanzadas tecnolog\u00edas de impresi\u00f3n y acabado, un amplio portafolio de productos, equipo de desarrollo e innovaci\u00f3n y una [&hellip;]<\/p>\n","protected":false},"author":1,"featured_media":74,"parent":0,"menu_order":10,"comment_status":"closed","ping_status":"closed","template":"","meta":{"_et_pb_use_builder":"on","_et_pb_old_content":"","_et_gb_content_width":"","footnotes":""},"dipi_cpt_category":[],"class_list":["post-1605","page","type-page","status-publish","has-post-thumbnail","hentry"],"_links":{"self":[{"href":"https:\/\/goncalves.com.br\/es\/wp-json\/wp\/v2\/pages\/1605","targetHints":{"allow":["GET"]}}],"collection":[{"href":"https:\/\/goncalves.com.br\/es\/wp-json\/wp\/v2\/pages"}],"about":[{"href":"https:\/\/goncalves.com.br\/es\/wp-json\/wp\/v2\/types\/page"}],"author":[{"embeddable":true,"href":"https:\/\/goncalves.com.br\/es\/wp-json\/wp\/v2\/users\/1"}],"replies":[{"embeddable":true,"href":"https:\/\/goncalves.com.br\/es\/wp-json\/wp\/v2\/comments?post=1605"}],"version-history":[{"count":10,"href":"https:\/\/goncalves.com.br\/es\/wp-json\/wp\/v2\/pages\/1605\/revisions"}],"predecessor-version":[{"id":1733,"href":"https:\/\/goncalves.com.br\/es\/wp-json\/wp\/v2\/pages\/1605\/revisions\/1733"}],"wp:featuredmedia":[{"embeddable":true,"href":"https:\/\/goncalves.com.br\/es\/wp-json\/wp\/v2\/media\/74"}],"wp:attachment":[{"href":"https:\/\/goncalves.com.br\/es\/wp-json\/wp\/v2\/media?parent=1605"}],"wp:term":[{"taxonomy":"dipi_cpt_category","embeddable":true,"href":"https:\/\/goncalves.com.br\/es\/wp-json\/wp\/v2\/dipi_cpt_category?post=1605"}],"curies":[{"name":"wp","href":"https:\/\/api.w.org\/{rel}","templated":true}]}}