{"id":624,"date":"2024-05-30T17:22:15","date_gmt":"2024-05-30T20:22:15","guid":{"rendered":"https:\/\/goncalves.com.br\/?page_id=624"},"modified":"2025-05-21T18:14:38","modified_gmt":"2025-05-21T21:14:38","slug":"essencia-da-marca","status":"publish","type":"page","link":"https:\/\/goncalves.com.br\/es\/essencia-da-marca\/","title":{"rendered":"Esencia de la marca"},"content":{"rendered":"<p>[et_pb_section fb_built=&#8221;1&#8243; _builder_version=&#8221;4.27.4&#8243; _module_preset=&#8221;default&#8221; background_enable_color=&#8221;off&#8221; custom_margin=&#8221;50px||50px||true|false&#8221; custom_padding=&#8221;0px||0px||true|false&#8221; global_colors_info=&#8221;{%22gcid-secondary-color%22:%91%22background_color%22%93,%22gcid-5c1136f1-2eec-43d8-9c56-5041b5b3ae55%22:%91%22background_color_gradient_stops%22%93}&#8221;][et_pb_row column_structure=&#8221;1_3,2_3&#8243; _builder_version=&#8221;4.27.4&#8243; _module_preset=&#8221;default&#8221; background_enable_color=&#8221;off&#8221; module_alignment=&#8221;center&#8221; custom_margin=&#8221;0px||0px||true|false&#8221; custom_padding=&#8221;0px||0px||true|false&#8221; global_colors_info=&#8221;{}&#8221;][et_pb_column type=&#8221;1_3&#8243; _builder_version=&#8221;4.25.1&#8243; _module_preset=&#8221;default&#8221; global_colors_info=&#8221;{}&#8221;][et_pb_text _builder_version=&#8221;4.27.4&#8243; _module_preset=&#8221;default&#8221; header_text_color=&#8221;gcid-9f99e831-216c-4f5b-b9fb-db3f6040ff93&#8243; header_font_size=&#8221;35px&#8221; global_colors_info=&#8221;{%22gcid-9f99e831-216c-4f5b-b9fb-db3f6040ff93%22:%91%22header_text_color%22%93}&#8221;]<\/p>\n<h1><b>Esencia de la marca<\/b><\/h1>\n<p><span style=\"font-weight: 400;\">En Gon\u00e7alves, creemos firmemente que las organizaciones poseen una esencia que va m\u00e1s all\u00e1 de su estructura operativa. Esta esencia, que constituye el alma de nuestra empresa, se forja a trav\u00e9s de elementos clave que definen qui\u00e9nes somos y hacia d\u00f3nde vamos.<\/span><\/p>\n<p>[\/et_pb_text][\/et_pb_column][et_pb_column type=&#8221;2_3&#8243; _builder_version=&#8221;4.25.1&#8243; _module_preset=&#8221;default&#8221; global_colors_info=&#8221;{}&#8221;][et_pb_image src=&#8221;https:\/\/goncalves.com.br\/es\/wp-content\/uploads\/2025\/05\/plataforma-da-marca.gif&#8221; title_text=&#8221;plataforma-da-marca&#8221; _builder_version=&#8221;4.27.4&#8243; _module_preset=&#8221;default&#8221; border_radii=&#8221;on|20px|20px|20px|20px&#8221; global_colors_info=&#8221;{}&#8221;][\/et_pb_image][\/et_pb_column][\/et_pb_row][\/et_pb_section]<\/p>\n","protected":false},"excerpt":{"rendered":"<p>Esencia de la marca En Gon\u00e7alves, creemos firmemente que las organizaciones poseen una esencia que va m\u00e1s all\u00e1 de su estructura operativa. Esta esencia, que constituye el alma de nuestra empresa, se forja a trav\u00e9s de elementos clave que definen qui\u00e9nes somos y hacia d\u00f3nde vamos.<\/p>\n","protected":false},"author":1,"featured_media":0,"parent":0,"menu_order":0,"comment_status":"closed","ping_status":"closed","template":"","meta":{"_et_pb_use_builder":"on","_et_pb_old_content":"","_et_gb_content_width":"","footnotes":""},"dipi_cpt_category":[],"class_list":["post-624","page","type-page","status-publish","hentry"],"_links":{"self":[{"href":"https:\/\/goncalves.com.br\/es\/wp-json\/wp\/v2\/pages\/624","targetHints":{"allow":["GET"]}}],"collection":[{"href":"https:\/\/goncalves.com.br\/es\/wp-json\/wp\/v2\/pages"}],"about":[{"href":"https:\/\/goncalves.com.br\/es\/wp-json\/wp\/v2\/types\/page"}],"author":[{"embeddable":true,"href":"https:\/\/goncalves.com.br\/es\/wp-json\/wp\/v2\/users\/1"}],"replies":[{"embeddable":true,"href":"https:\/\/goncalves.com.br\/es\/wp-json\/wp\/v2\/comments?post=624"}],"version-history":[{"count":2,"href":"https:\/\/goncalves.com.br\/es\/wp-json\/wp\/v2\/pages\/624\/revisions"}],"predecessor-version":[{"id":1694,"href":"https:\/\/goncalves.com.br\/es\/wp-json\/wp\/v2\/pages\/624\/revisions\/1694"}],"wp:attachment":[{"href":"https:\/\/goncalves.com.br\/es\/wp-json\/wp\/v2\/media?parent=624"}],"wp:term":[{"taxonomy":"dipi_cpt_category","embeddable":true,"href":"https:\/\/goncalves.com.br\/es\/wp-json\/wp\/v2\/dipi_cpt_category?post=624"}],"curies":[{"name":"wp","href":"https:\/\/api.w.org\/{rel}","templated":true}]}}