{"id":626,"date":"2024-05-30T17:22:39","date_gmt":"2024-05-30T20:22:39","guid":{"rendered":"https:\/\/goncalves.com.br\/?page_id=626"},"modified":"2025-05-21T18:59:59","modified_gmt":"2025-05-21T21:59:59","slug":"mercados","status":"publish","type":"page","link":"https:\/\/goncalves.com.br\/es\/mercados\/","title":{"rendered":"Mercados"},"content":{"rendered":"<p>[et_pb_section fb_built=&#8221;1&#8243; admin_label=&#8221;section&#8221; _builder_version=&#8221;4.27.4&#8243; background_image=&#8221;https:\/\/goncalves.com.br\/es\/wp-content\/uploads\/2024\/06\/id-losango-amarela.svg&#8221; background_size=&#8221;custom&#8221; background_image_width=&#8221;45%&#8221; background_position=&#8221;top_left&#8221; background_horizontal_offset=&#8221;-23%&#8221; background_vertical_offset=&#8221;32%&#8221; custom_margin=&#8221;0px||||false|false&#8221; custom_padding=&#8221;100px||||false|false&#8221; background_last_edited=&#8221;on|phone&#8221; parallax_phone=&#8221;off&#8221; background_image_width_tablet=&#8221;62%&#8221; background_image_width_phone=&#8221;100%&#8221; background_position_phone=&#8221;top_right&#8221; background_horizontal_offset_tablet=&#8221;-22%&#8221; background_vertical_offset_tablet=&#8221;16%&#8221; global_colors_info=&#8221;{}&#8221; _module_preset=&#8221;default&#8221; theme_builder_area=&#8221;post_content&#8221;][et_pb_row column_structure=&#8221;1_4,3_4&#8243; admin_label=&#8221;row&#8221; _builder_version=&#8221;4.27.4&#8243; background_size=&#8221;initial&#8221; background_position=&#8221;top_left&#8221; background_repeat=&#8221;repeat&#8221; global_colors_info=&#8221;{}&#8221; _module_preset=&#8221;default&#8221; theme_builder_area=&#8221;post_content&#8221;][et_pb_column type=&#8221;1_4&#8243; _builder_version=&#8221;4.27.4&#8243; custom_padding=&#8221;|||&#8221; global_colors_info=&#8221;{}&#8221; custom_padding__hover=&#8221;|||&#8221; _module_preset=&#8221;default&#8221; theme_builder_area=&#8221;post_content&#8221;][et_pb_text _builder_version=&#8221;4.25.1&#8243; _module_preset=&#8221;default&#8221; header_font=&#8221;|800|||||||&#8221; header_text_color=&#8221;gcid-9f99e831-216c-4f5b-b9fb-db3f6040ff93&#8243; header_font_size=&#8221;32px&#8221; global_colors_info=&#8221;{%22gcid-9f99e831-216c-4f5b-b9fb-db3f6040ff93%22:%91%22header_text_color%22%93}&#8221; theme_builder_area=&#8221;post_content&#8221;]<\/p>\n<h1>Mercados<\/h1>\n<p>[\/et_pb_text][\/et_pb_column][et_pb_column type=&#8221;3_4&#8243; _builder_version=&#8221;4.16&#8243; custom_padding=&#8221;|||&#8221; global_colors_info=&#8221;{}&#8221; custom_padding__hover=&#8221;|||&#8221; _module_preset=&#8221;default&#8221; theme_builder_area=&#8221;post_content&#8221;][et_pb_text _builder_version=&#8221;4.27.4&#8243; _module_preset=&#8221;default&#8221; custom_margin=&#8221;||30px||false|false&#8221; hover_enabled=&#8221;0&#8243; global_colors_info=&#8221;{}&#8221; theme_builder_area=&#8221;post_content&#8221; sticky_enabled=&#8221;0&#8243;]<\/p>\n<p>Trabajamos en diferentes mercados y, dentro de ellos, con distintos clientes y productos a ser empacados. Cada uno de ellos tiene demandas y necesidades espec\u00edficas, as\u00ed como elementos que agregan valor y que son m\u00e1s relevantes para sus negocios.<\/p>\n<p>Esta comprensi\u00f3n de cada cliente y mercado nos permite combinar lo mejor de nuestros recursos tecnol\u00f3gicos y humanos para ofrecer la soluci\u00f3n que satisface e incluso supera sus expectativas.<\/p>\n<p><strong>Conozca los principales mercados en donde operamos y los atributos clave que cada uno valora:<\/strong><\/p>\n<p>[\/et_pb_text][dipi_advanced_tabs activate_on_hover=&#8221;on&#8221; use_sticky_tabs=&#8221;off&#8221; enable_tabs_slider=&#8221;on&#8221; enable_ts_on_wide=&#8221;off&#8221; tabs_per_view_wide=&#8221;3&#8243; ts_navigation_wide=&#8221;on&#8221; enable_ts_on_tab=&#8221;on&#8221; ts_navigation_tab=&#8221;on&#8221; enable_ts_on_pho=&#8221;on&#8221; tabs_per_view_pho=&#8221;1&#8243; ts_navigation_pho=&#8221;on&#8221; tabs_align=&#8221;center&#8221; tabs_container_padding=&#8221;|10px|0px|10px|false|false&#8221; tabs_container_margin=&#8221;|10px|0px|10px|false|false&#8221; tabs_item_padding=&#8221;15px|10px|10px|10px|false|false&#8221; tabs_active_item_padding=&#8221;15px|10px|10px|10px|false|false&#8221; use_scroll_to_content=&#8221;off&#8221; content_margin=&#8221;|10px|10px|10px|false|false&#8221; use_active_arrow=&#8221;on&#8221; active_arrow_color=&#8221;gcid-c9274cf4-6b96-4a07-a58b-79784523d30a&#8221; content_bg_color=&#8221;RGBA(255,255,255,0)&#8221; tabs_bg_color=&#8221;RGBA(255,255,255,0)&#8221; tabs_item_bg_color=&#8221;RGBA(255,255,255,0)&#8221; tabs_item_active_bg_color=&#8221;gcid-c9274cf4-6b96-4a07-a58b-79784523d30a&#8221; navigation_prev_icon_yn=&#8221;on&#8221; navigation_prev_icon=&#8221;&#x3c;||divi||400&#8243; navigation_next_icon_yn=&#8221;on&#8221; navigation_next_icon=&#8221;&#x3d;||divi||400&#8243; navigation_padding=&#8221;10&#8243; navigation_color=&#8221;gcid-c9274cf4-6b96-4a07-a58b-79784523d30a&#8221; navigation_bg_color=&#8221;#FFFFFF&#8221; navigation_circle=&#8221;on&#8221; navigation_padding_tablet=&#8221;10&#8243; navigation_padding_phone=&#8221;10&#8243; navigation_padding_last_edited=&#8221;on|desktop&#8221; _builder_version=&#8221;4.27.4&#8243; _module_preset=&#8221;default&#8221; title_font=&#8221;|800|||||||&#8221; title_text_align=&#8221;center&#8221; title_text_color=&#8221;gcid-5c1136f1-2eec-43d8-9c56-5041b5b3ae55&#8243; title_line_height=&#8221;1.2em&#8221; title_active_text_color=&#8221;#FFFFFF&#8221; title_active_line_height=&#8221;1.2em&#8221; body_ul_position=&#8221;inside&#8221; body_ul_line_height=&#8221;2.2em&#8221; hover_enabled=&#8221;0&#8243; border_radii_content_wrapper=&#8221;off|||30px|30px&#8221; border_width_all_content_wrapper=&#8221;1px&#8221; border_color_all_content_wrapper=&#8221;gcid-c9274cf4-6b96-4a07-a58b-79784523d30a&#8221; border_radii_tabs_wrapper=&#8221;off|0px|0px|0px|&#8221; border_width_all_tabs_wrapper=&#8221;0px&#8221; border_radii_tabs_item=&#8221;off|30px|30px||&#8221; border_width_all_tabs_item=&#8221;1px&#8221; border_color_all_tabs_item=&#8221;gcid-c9274cf4-6b96-4a07-a58b-79784523d30a&#8221; border_color_bottom_tabs_item=&#8221;gcid-c9274cf4-6b96-4a07-a58b-79784523d30a&#8221; global_colors_info=&#8221;{%22gcid-c9274cf4-6b96-4a07-a58b-79784523d30a%22:%91%22tabs_item_active_bg_color%22,%22navigation_color%22,%22border_color_all_content_wrapper%22,%22active_arrow_color%22,%22border_color_bottom_tabs_item%22,%22border_color_all_tabs_item%22%93,%22gcid-5c1136f1-2eec-43d8-9c56-5041b5b3ae55%22:%91%22title_text_color%22%93}&#8221; theme_builder_area=&#8221;post_content&#8221; sticky_enabled=&#8221;0&#8243;][dipi_advanced_tabs_item title=&#8221;Farmac\u00e9utico&#8221; tab_media=&#8221;none&#8221; font_icon=&#8221;5||divi||400&#8243; _builder_version=&#8221;4.27.4&#8243; _module_preset=&#8221;default&#8221; hover_enabled=&#8221;0&#8243; global_colors_info=&#8221;{}&#8221; theme_builder_area=&#8221;post_content&#8221; sticky_enabled=&#8221;0&#8243;]<\/p>\n<ul>\n<li>Incorporaci\u00f3n de tecnolog\u00eda, como c\u00f3digos QR que proporcionan informaci\u00f3n adicional sobre el producto.<\/li>\n<li>Braille (elemento inclusivo).<\/li>\n<li>Seguridad antifraude, como tinta reactiva, microtextos y micropuntos.<\/li>\n<li>Mejoras en el dise\u00f1o del empaque para agilizar el envasado, ya que los equipos son cada vez m\u00e1s r\u00e1pidos.<\/li>\n<\/ul>\n<p>[\/dipi_advanced_tabs_item][dipi_advanced_tabs_item title=&#8221;Veterinario&#8221; tab_media=&#8221;none&#8221; font_icon=&#8221;5||divi||400&#8243; _builder_version=&#8221;4.27.4&#8243; _module_preset=&#8221;default&#8221; hover_enabled=&#8221;0&#8243; global_colors_info=&#8221;{}&#8221; theme_builder_area=&#8221;post_content&#8221; sticky_enabled=&#8221;0&#8243;]<\/p>\n<ul>\n<li>Recursos de seguridad, como cierres y cortes que contribuyen a la inviolabilidad del empaque.<\/li>\n<li>Seguridad antifraude, como microtextos y micropuntos. Las soluciones de este tipo son cada vez m\u00e1s solicitadas debido a los casos de fraude.<\/li>\n<\/ul>\n<p>[\/dipi_advanced_tabs_item][dipi_advanced_tabs_item title=&#8221;Higiene personal&#8221; tab_media=&#8221;none&#8221; font_icon=&#8221;5||divi||400&#8243; _builder_version=&#8221;4.27.4&#8243; _module_preset=&#8221;default&#8221; hover_enabled=&#8221;0&#8243; global_colors_info=&#8221;{}&#8221; theme_builder_area=&#8221;post_content&#8221; sticky_enabled=&#8221;0&#8243;]<\/p>\n<ul>\n<li>Recursos que aseguren la protecci\u00f3n del producto contra contaminaci\u00f3n, humedad y da\u00f1os f\u00edsicos. Es esencial que el empaque mantenga la integridad del producto hasta el momento de uso.<\/li>\n<li>Dise\u00f1o atractivo para el consumidor.<\/li>\n<li>Uso de materiales reciclables, biodegradables y sustentables.<\/li>\n<li>Dise\u00f1o sensorial, como aspectos de textura en el empaque.<\/li>\n<li>Soluciones de interacci\u00f3n con el producto, como dispensadores f\u00e1ciles de usar, que pueden influir en la percepci\u00f3n del consumidor.<\/li>\n<\/ul>\n<p>[\/dipi_advanced_tabs_item][dipi_advanced_tabs_item title=&#8221;Cosm\u00e9ticos y Perfumer\u00eda&#8221; tab_media=&#8221;none&#8221; font_icon=&#8221;5||divi||400&#8243; _builder_version=&#8221;4.27.4&#8243; _module_preset=&#8221;default&#8221; hover_enabled=&#8221;0&#8243; global_colors_info=&#8221;{}&#8221; theme_builder_area=&#8221;post_content&#8221; sticky_enabled=&#8221;0&#8243;]<\/p>\n<ul>\n<li>T\u00e9cnicas modernas de impresi\u00f3n y acabados especiales, como relieve, tintas met\u00e1licas, microrrelieve y hot stamping, que agregan un toque de exclusividad y aumentan la atracci\u00f3n.<\/li>\n<li>Dise\u00f1os creativos, que reflejan la sofisticaci\u00f3n y exclusividad del producto: formas elegantes, detalles refinados y acabados lujosos.<\/li>\n<li>Empaques dise\u00f1ados para un segundo uso, transform\u00e1ndose en juguetes, joyeros y otras aplicaciones que prolongan su vida \u00fatil, favoreciendo la sustentabilidad.<\/li>\n<li>Dise\u00f1o t\u00e9cnico con detalles precisos para asegurar un excelente desempe\u00f1o en los equipos de envasado.<\/li>\n<\/ul>\n<p>[\/dipi_advanced_tabs_item][dipi_advanced_tabs_item title=&#8221;Alimenticio&#8221; tab_media=&#8221;none&#8221; font_icon=&#8221;5||divi||400&#8243; _builder_version=&#8221;4.27.4&#8243; _module_preset=&#8221;default&#8221; hover_enabled=&#8221;0&#8243; global_colors_info=&#8221;{}&#8221; theme_builder_area=&#8221;post_content&#8221; sticky_enabled=&#8221;0&#8243;]<\/p>\n<ul>\n<li>Materiales y procesos de producci\u00f3n de empaques con estrictos est\u00e1ndares de seguridad, como los que tenemos en Gon\u00e7alves con la certificaci\u00f3n BRCGS.<\/li>\n<li>Materiales con propiedades de protecci\u00f3n, como barnices o pel\u00edculas especiales, para productos sensibles.<\/li>\n<li>Soluciones creativas, con formatos y acabados diferenciados. Estos aspectos son especialmente importantes en empaques para ediciones limitadas o productos estacionales, aumentando la atracci\u00f3n.<\/li>\n<\/ul>\n<p>[\/dipi_advanced_tabs_item][dipi_advanced_tabs_item title=&#8221;Home care&#8221; tab_media=&#8221;none&#8221; font_icon=&#8221;5||divi||400&#8243; _builder_version=&#8221;4.27.4&#8243; _module_preset=&#8221;default&#8221; hover_enabled=&#8221;0&#8243; global_colors_info=&#8221;{}&#8221; theme_builder_area=&#8221;post_content&#8221; sticky_enabled=&#8221;0&#8243;]<\/p>\n<ul>\n<li>T\u00e9cnicas modernas de impresi\u00f3n y acabados para mejorar la durabilidad y apariencia del empaque.<\/li>\n<li>La aplicaci\u00f3n de recursos como barniz o laminado puede agregar un toque de sofisticaci\u00f3n y proteger el empaque contra el desgaste.<\/li>\n<li>Materiales y formatos que permitan que el empaque pueda ser cerrado nuevamente para un almacenamiento seguro despu\u00e9s de su uso. Este requisito es especialmente importante para productos que no se utilizan con frecuencia.<\/li>\n<\/ul>\n<p>[\/dipi_advanced_tabs_item][\/dipi_advanced_tabs][\/et_pb_column][\/et_pb_row][\/et_pb_section]<\/p>\n","protected":false},"excerpt":{"rendered":"<p>MercadosTrabajamos en diferentes mercados y, dentro de ellos, con distintos clientes y productos a ser empacados. Cada uno de ellos tiene demandas y necesidades espec\u00edficas, as\u00ed como elementos que agregan valor y que son m\u00e1s relevantes para sus negocios. Esta comprensi\u00f3n de cada cliente y mercado nos permite combinar lo mejor de nuestros recursos tecnol\u00f3gicos [&hellip;]<\/p>\n","protected":false},"author":1,"featured_media":0,"parent":0,"menu_order":0,"comment_status":"closed","ping_status":"closed","template":"","meta":{"_et_pb_use_builder":"on","_et_pb_old_content":"","_et_gb_content_width":"","footnotes":""},"dipi_cpt_category":[],"class_list":["post-626","page","type-page","status-publish","hentry"],"_links":{"self":[{"href":"https:\/\/goncalves.com.br\/es\/wp-json\/wp\/v2\/pages\/626","targetHints":{"allow":["GET"]}}],"collection":[{"href":"https:\/\/goncalves.com.br\/es\/wp-json\/wp\/v2\/pages"}],"about":[{"href":"https:\/\/goncalves.com.br\/es\/wp-json\/wp\/v2\/types\/page"}],"author":[{"embeddable":true,"href":"https:\/\/goncalves.com.br\/es\/wp-json\/wp\/v2\/users\/1"}],"replies":[{"embeddable":true,"href":"https:\/\/goncalves.com.br\/es\/wp-json\/wp\/v2\/comments?post=626"}],"version-history":[{"count":1,"href":"https:\/\/goncalves.com.br\/es\/wp-json\/wp\/v2\/pages\/626\/revisions"}],"predecessor-version":[{"id":1701,"href":"https:\/\/goncalves.com.br\/es\/wp-json\/wp\/v2\/pages\/626\/revisions\/1701"}],"wp:attachment":[{"href":"https:\/\/goncalves.com.br\/es\/wp-json\/wp\/v2\/media?parent=626"}],"wp:term":[{"taxonomy":"dipi_cpt_category","embeddable":true,"href":"https:\/\/goncalves.com.br\/es\/wp-json\/wp\/v2\/dipi_cpt_category?post=626"}],"curies":[{"name":"wp","href":"https:\/\/api.w.org\/{rel}","templated":true}]}}