{"id":630,"date":"2024-05-30T17:24:11","date_gmt":"2024-05-30T20:24:11","guid":{"rendered":"https:\/\/goncalves.com.br\/?page_id=630"},"modified":"2025-05-21T21:09:28","modified_gmt":"2025-05-22T00:09:28","slug":"sala-de-imprensa","status":"publish","type":"page","link":"https:\/\/goncalves.com.br\/es\/sala-de-imprensa\/","title":{"rendered":"Sala de prensa"},"content":{"rendered":"<p>[et_pb_section fb_built=&#8221;1&#8243; _builder_version=&#8221;4.24.3&#8243; _module_preset=&#8221;default&#8221; custom_padding=&#8221;0px|||||&#8221; global_colors_info=&#8221;{}&#8221;][et_pb_row column_structure=&#8221;1_4,3_4&#8243; _builder_version=&#8221;4.24.3&#8243; _module_preset=&#8221;default&#8221; global_colors_info=&#8221;{}&#8221;][et_pb_column type=&#8221;1_4&#8243; _builder_version=&#8221;4.24.3&#8243; _module_preset=&#8221;default&#8221; global_colors_info=&#8221;{}&#8221;][et_pb_text _builder_version=&#8221;4.27.4&#8243; _module_preset=&#8221;default&#8221; text_line_height=&#8221;1.6em&#8221; header_font=&#8221;|800|||||||&#8221; header_text_color=&#8221;gcid-9f99e831-216c-4f5b-b9fb-db3f6040ff93&#8243; header_font_size=&#8221;32px&#8221; header_line_height=&#8221;1.2em&#8221; header_2_font=&#8221;Mulish|800|||||||&#8221; header_2_text_color=&#8221;#5212c9&#8243; header_2_font_size=&#8221;32px&#8221; header_2_line_height=&#8221;1.3em&#8221; hover_enabled=&#8221;0&#8243; global_colors_info=&#8221;{%22gcid-9f99e831-216c-4f5b-b9fb-db3f6040ff93%22:%91%22header_text_color%22%93}&#8221; sticky_enabled=&#8221;0&#8243;]<\/p>\n<h1>Sala de prensa<\/h1>\n<p>Solicite en el formulario qu\u00e9 le gustar\u00eda recibir sobre nuestra empresa, informe el objetivo y d\u00f3nde se publicar\u00e1 la informaci\u00f3n.[\/et_pb_text][\/et_pb_column][et_pb_column type=&#8221;3_4&#8243; _builder_version=&#8221;4.24.3&#8243; _module_preset=&#8221;default&#8221; global_colors_info=&#8221;{}&#8221;][dipl_form_styler form_type=&#8221;contact_form_7&#8243; cf7_form_id=&#8221;896&#8243; input_text_color=&#8221;#000000&#8243; focus_input_text_color=&#8221;#000000&#8243; placeholder_text_color=&#8221;#a5a5a5&#8243; focus_placeholder_text_color=&#8221;#000000&#8243; input_bg_color=&#8221;#efefef&#8221; input_custom_padding=&#8221;15px|15px|15px|15px|true|true&#8221; button_custom_padding=&#8221;15px|15px|15px|15px|true|true&#8221; submit_custom_padding=&#8221;15px|25px|15px|25px|true|true&#8221; buttons_bg_color=&#8221;gcid-5c1136f1-2eec-43d8-9c56-5041b5b3ae55&#8243; submit_bg_color=&#8221;gcid-secondary-color&#8221; _builder_version=&#8221;4.25.1&#8243; _module_preset=&#8221;default&#8221; input_font_size=&#8221;17px&#8221; submit_button_text_font=&#8221;|700||on|||||&#8221; submit_button_text_text_color=&#8221;#FFFFFF&#8221; submit_button_text_font_size=&#8221;17px&#8221; text_orientation=&#8221;left&#8221; width=&#8221;100%&#8221; max_width=&#8221;100%&#8221; input_width=&#8221;100%&#8221; border_radii_input=&#8221;on|10px|10px|10px|10px&#8221; border_width_all_input=&#8221;0px&#8221; border_radii_submit_button=&#8221;on|50px|50px|50px|50px&#8221; border_width_all_submit_button=&#8221;0px&#8221; global_colors_info=&#8221;{%22gcid-5c1136f1-2eec-43d8-9c56-5041b5b3ae55%22:%91%22buttons_bg_color%22%93,%22gcid-heading-color%22:%91%22submit_bg_color__hover%22%93,%22gcid-secondary-color%22:%91%22submit_bg_color%22%93}&#8221; submit_bg_color__hover_enabled=&#8221;on|hover&#8221; submit_bg_color__hover=&#8221;#5212c9&#8243; submit_bg_enable_color__hover=&#8221;on&#8221;][\/dipl_form_styler][et_pb_text _builder_version=&#8221;4.27.4&#8243; _module_preset=&#8221;default&#8221; text_font=&#8221;||||||||&#8221; text_text_color=&#8221;gcid-5c1136f1-2eec-43d8-9c56-5041b5b3ae55&#8243; text_font_size=&#8221;23px&#8221; text_orientation=&#8221;center&#8221; custom_margin=&#8221;80px||||false|false&#8221; custom_padding=&#8221;30px||||false|false&#8221; hover_enabled=&#8221;0&#8243; border_width_top=&#8221;1px&#8221; border_color_top=&#8221;gcid-5c1136f1-2eec-43d8-9c56-5041b5b3ae55&#8243; global_colors_info=&#8221;{%22gcid-5c1136f1-2eec-43d8-9c56-5041b5b3ae55%22:%91%22text_text_color%22,%22border_color_top%22%93}&#8221; sticky_enabled=&#8221;0&#8243;]<\/p>\n<p>Haga clic en los botones a continuaci\u00f3n para:<\/p>\n<p>[\/et_pb_text][dipi_button_grid flex_direction=&#8221;row&#8221; align_items=&#8221;center&#8221; _builder_version=&#8221;4.27.4&#8243; _module_preset=&#8221;default&#8221; custom_button_grid=&#8221;on&#8221; button_grid_text_size=&#8221;16px&#8221; button_grid_text_color=&#8221;#FFFFFF&#8221; button_grid_bg_color=&#8221;gcid-9f99e831-216c-4f5b-b9fb-db3f6040ff93&#8243; button_grid_custom_padding=&#8221;3%||3%||true|true&#8221; custom_margin=&#8221;10px||||false|false&#8221; hover_enabled=&#8221;0&#8243; global_colors_info=&#8221;{%22gcid-9f99e831-216c-4f5b-b9fb-db3f6040ff93%22:%91%22button_grid_bg_color__hover%22,%22button_grid_bg_color%22%93}&#8221; button_grid_bg_color__hover_enabled=&#8221;off|desktop&#8221; button_grid_bg_color__hover=&#8221;#ff742e&#8221; button_grid_bg_enable_color__hover=&#8221;on&#8221; sticky_enabled=&#8221;0&#8243;][dipi_button_grid_child button_id=&#8221;contactos&#8221; button_type=&#8221;dp_button&#8221; button_text=&#8221;contactos&#8221; button_link=&#8221;\/es\/contato&#8221; button_link_target=&#8221;off&#8221; _builder_version=&#8221;4.27.4&#8243; _module_preset=&#8221;default&#8221; custom_button=&#8221;on&#8221; hover_enabled=&#8221;0&#8243; global_colors_info=&#8221;{%22gcid-5c1136f1-2eec-43d8-9c56-5041b5b3ae55%22:%91%22button_bg_color__hover%22%93}&#8221; button_bg_color__hover_enabled=&#8221;on|hover&#8221; button_bg_color__hover=&#8221;#5212c9&#8243; button_bg_enable_color__hover=&#8221;on&#8221; sticky_enabled=&#8221;0&#8243;][\/dipi_button_grid_child][dipi_button_grid_child button_id=&#8221;trabaja con nosotros&#8221; button_type=&#8221;dp_button&#8221; button_text=&#8221;trabaja con nosotros&#8221; button_link=&#8221;\/es\/rh&#8221; button_link_target=&#8221;off&#8221; _builder_version=&#8221;4.27.4&#8243; _module_preset=&#8221;default&#8221; custom_button=&#8221;on&#8221; hover_enabled=&#8221;0&#8243; global_colors_info=&#8221;{%22gcid-5c1136f1-2eec-43d8-9c56-5041b5b3ae55%22:%91%22button_bg_color__hover%22%93}&#8221; button_bg_color__hover_enabled=&#8221;on|hover&#8221; button_bg_color__hover=&#8221;#5212c9&#8243; button_bg_enable_color__hover=&#8221;on&#8221; sticky_enabled=&#8221;0&#8243;][\/dipi_button_grid_child][dipi_button_grid_child button_id=&#8221;canal de denuncia&#8221; button_type=&#8221;dp_button&#8221; button_text=&#8221;canal de denuncia&#8221; button_link=&#8221;\/es\/denuncia&#8221; button_link_target=&#8221;off&#8221; _builder_version=&#8221;4.27.4&#8243; _module_preset=&#8221;default&#8221; custom_button=&#8221;on&#8221; hover_enabled=&#8221;0&#8243; global_colors_info=&#8221;{%22gcid-5c1136f1-2eec-43d8-9c56-5041b5b3ae55%22:%91%22button_bg_color__hover%22%93}&#8221; button_bg_color__hover_enabled=&#8221;on|hover&#8221; button_bg_color__hover=&#8221;#5212c9&#8243; button_bg_enable_color__hover=&#8221;on&#8221; sticky_enabled=&#8221;0&#8243;][\/dipi_button_grid_child][\/dipi_button_grid][\/et_pb_column][\/et_pb_row][\/et_pb_section]<\/p>\n","protected":false},"excerpt":{"rendered":"<p>Sala de prensa Solicite en el formulario qu\u00e9 le gustar\u00eda recibir sobre nuestra empresa, informe el objetivo y d\u00f3nde se publicar\u00e1 la informaci\u00f3n.<div class=\"et_pb_with_border et_pb_module dipl_form_styler dipl_form_styler_0\">\n\t\t\t\t\n\t\t\t\t\n\t\t\t\t\n\t\t\t\t\n\t\t\t\t\n\t\t\t\t\n\t\t\t\t<div class=\"et_pb_module_inner\">\n\t\t\t\t\t<div class=\"dipl_form_styler_wrapper\">\n<div class=\"wpcf7 no-js\" id=\"wpcf7-f896-o1\" lang=\"pt-BR\" dir=\"ltr\" data-wpcf7-id=\"896\">\n<div class=\"screen-reader-response\"><p role=\"status\" aria-live=\"polite\" aria-atomic=\"true\"><\/p> <ul><\/ul><\/div>\n<form action=\"\/es\/wp-json\/wp\/v2\/pages\/630#wpcf7-f896-o1\" method=\"post\" class=\"wpcf7-form init\" aria-label=\"Formul\u00e1rios de contato\" novalidate=\"novalidate\" data-status=\"init\">\n<fieldset class=\"hidden-fields-container\"><input type=\"hidden\" name=\"_wpcf7\" value=\"896\" \/><input type=\"hidden\" name=\"_wpcf7_version\" value=\"6.1.5\" \/><input type=\"hidden\" name=\"_wpcf7_locale\" value=\"pt_BR\" \/><input type=\"hidden\" name=\"_wpcf7_unit_tag\" value=\"wpcf7-f896-o1\" \/><input type=\"hidden\" name=\"_wpcf7_container_post\" value=\"0\" \/><input type=\"hidden\" name=\"_wpcf7_posted_data_hash\" value=\"\" \/>\n<\/fieldset>\n<p><span class=\"wpcf7-form-control-wrap\" data-name=\"your-name\"><input size=\"40\" maxlength=\"400\" class=\"wpcf7-form-control wpcf7-text wpcf7-validates-as-required\" aria-required=\"true\" aria-invalid=\"false\" placeholder=\"*Nombre\" value=\"\" type=\"text\" name=\"your-name\" \/><\/span>\n<\/p>\n<p><span class=\"wpcf7-form-control-wrap\" data-name=\"your-email\"><input size=\"40\" maxlength=\"400\" class=\"wpcf7-form-control wpcf7-email wpcf7-validates-as-required wpcf7-text wpcf7-validates-as-email\" aria-required=\"true\" aria-invalid=\"false\" placeholder=\"*Email\" value=\"\" type=\"email\" name=\"your-email\" \/><\/span>\n<\/p>\n<p><span class=\"wpcf7-form-control-wrap\" data-name=\"your-phone\"><input size=\"40\" maxlength=\"14\" class=\"wpcf7-form-control wpcf7-text wpcf7-validates-as-required\" aria-required=\"true\" aria-invalid=\"false\" placeholder=\"*Tel\u00e9fone - Ex. (00) 0000-0000\" value=\"\" type=\"text\" name=\"your-phone\" \/><\/span>\n<\/p>\n<p><span class=\"wpcf7-form-control-wrap\" data-name=\"cargo\"><input size=\"40\" maxlength=\"400\" class=\"wpcf7-form-control wpcf7-text wpcf7-validates-as-required\" aria-required=\"true\" aria-invalid=\"false\" placeholder=\"*Posici\u00f3n\" value=\"\" type=\"text\" name=\"cargo\" \/><\/span>\n<\/p>\n<p><span class=\"wpcf7-form-control-wrap\" data-name=\"empresa\"><input size=\"40\" maxlength=\"400\" class=\"wpcf7-form-control wpcf7-text wpcf7-validates-as-required\" aria-required=\"true\" aria-invalid=\"false\" placeholder=\"*Empresa\" value=\"\" type=\"text\" name=\"empresa\" \/><\/span>\n<\/p>\n<p><span class=\"wpcf7-form-control-wrap\" data-name=\"objetivo\"><input size=\"40\" maxlength=\"400\" class=\"wpcf7-form-control wpcf7-text wpcf7-validates-as-required\" aria-required=\"true\" aria-invalid=\"false\" placeholder=\"*Objetivo\" value=\"\" type=\"text\" name=\"objetivo\" \/><\/span>\n<\/p>\n<p><span class=\"wpcf7-form-control-wrap\" data-name=\"local\"><input size=\"40\" maxlength=\"400\" class=\"wpcf7-form-control wpcf7-text wpcf7-validates-as-required\" aria-required=\"true\" aria-invalid=\"false\" placeholder=\"*\u00bfD\u00f3nde se utilizar\u00e1?\" value=\"\" type=\"text\" name=\"local\" \/><\/span>\n<\/p>\n<p><span class=\"wpcf7-form-control-wrap\" data-name=\"material\"><span class=\"wpcf7-form-control wpcf7-checkbox\"><span class=\"wpcf7-list-item first\"><label><span class=\"wpcf7-list-item-label\">Logotipo imprimible<\/span><input type=\"checkbox\" name=\"material[]\" value=\"Logotipo imprimible\" \/><\/label><\/span><span class=\"wpcf7-list-item\"><label><span class=\"wpcf7-list-item-label\">Logotipo para web<\/span><input type=\"checkbox\" name=\"material[]\" value=\"Logotipo para web\" \/><\/label><\/span><span class=\"wpcf7-list-item\"><label><span class=\"wpcf7-list-item-label\">Im\u00e1genes de la sede<\/span><input type=\"checkbox\" name=\"material[]\" value=\"Im\u00e1genes de la sede\" \/><\/label><\/span><span class=\"wpcf7-list-item last\"><label><span class=\"wpcf7-list-item-label\">Im\u00e1genes de caso<\/span><input type=\"checkbox\" name=\"material[]\" value=\"Im\u00e1genes de caso\" \/><\/label><\/span><\/span><\/span>\n<\/p>\n<p><span class=\"wpcf7-form-control-wrap\" data-name=\"mensagem\"><textarea cols=\"40\" rows=\"10\" maxlength=\"2000\" class=\"wpcf7-form-control wpcf7-textarea wpcf7-validates-as-required\" aria-required=\"true\" aria-invalid=\"false\" placeholder=\"Tu mensaje\" name=\"mensagem\"><\/textarea><\/span>\n<\/p>\n<p><input class=\"wpcf7-form-control wpcf7-submit has-spinner\" type=\"submit\" value=\"solicitar archivos\" \/>\n<\/p><div class=\"wpcf7-response-output\" aria-hidden=\"true\"><\/div>\n<\/form>\n<\/div>\n<\/div>\n\t\t\t\t<\/div>\n\t\t\t<\/div>Haga clic en [&hellip;]<\/p>\n","protected":false},"author":1,"featured_media":0,"parent":0,"menu_order":0,"comment_status":"closed","ping_status":"closed","template":"","meta":{"_et_pb_use_builder":"on","_et_pb_old_content":"","_et_gb_content_width":"","footnotes":""},"dipi_cpt_category":[],"class_list":["post-630","page","type-page","status-publish","hentry"],"_links":{"self":[{"href":"https:\/\/goncalves.com.br\/es\/wp-json\/wp\/v2\/pages\/630","targetHints":{"allow":["GET"]}}],"collection":[{"href":"https:\/\/goncalves.com.br\/es\/wp-json\/wp\/v2\/pages"}],"about":[{"href":"https:\/\/goncalves.com.br\/es\/wp-json\/wp\/v2\/types\/page"}],"author":[{"embeddable":true,"href":"https:\/\/goncalves.com.br\/es\/wp-json\/wp\/v2\/users\/1"}],"replies":[{"embeddable":true,"href":"https:\/\/goncalves.com.br\/es\/wp-json\/wp\/v2\/comments?post=630"}],"version-history":[{"count":2,"href":"https:\/\/goncalves.com.br\/es\/wp-json\/wp\/v2\/pages\/630\/revisions"}],"predecessor-version":[{"id":1723,"href":"https:\/\/goncalves.com.br\/es\/wp-json\/wp\/v2\/pages\/630\/revisions\/1723"}],"wp:attachment":[{"href":"https:\/\/goncalves.com.br\/es\/wp-json\/wp\/v2\/media?parent=630"}],"wp:term":[{"taxonomy":"dipi_cpt_category","embeddable":true,"href":"https:\/\/goncalves.com.br\/es\/wp-json\/wp\/v2\/dipi_cpt_category?post=630"}],"curies":[{"name":"wp","href":"https:\/\/api.w.org\/{rel}","templated":true}]}}