{"id":94,"date":"2015-12-11T19:42:15","date_gmt":"2015-12-11T19:42:15","guid":{"rendered":"http:\/\/this.goncalves\/?page_id=94"},"modified":"2025-05-21T21:25:31","modified_gmt":"2025-05-22T00:25:31","slug":"goncalves-brasil","status":"publish","type":"page","link":"https:\/\/goncalves.com.br\/es\/goncalves-brasil\/","title":{"rendered":"Gon\u00e7alves Brasil"},"content":{"rendered":"<p>[et_pb_section fb_built=&#8221;1&#8243; _builder_version=&#8221;4.25.1&#8243; _module_preset=&#8221;default&#8221; background_enable_image=&#8221;off&#8221; background_size=&#8221;contain&#8221; background_position=&#8221;top_right&#8221; background_vertical_offset=&#8221;-50%&#8221; positioning=&#8221;none&#8221; custom_margin=&#8221;0px||0px||true|false&#8221; custom_padding=&#8221;0px||0px||true|false&#8221; background_last_edited=&#8221;off|desktop&#8221; background_size_phone=&#8221;contain&#8221; background_position_phone=&#8221;top_left&#8221; background_vertical_offset_tablet=&#8221;-20%&#8221; background_vertical_offset_phone=&#8221;-40%&#8221; global_colors_info=&#8221;{}&#8221;][et_pb_row column_structure=&#8221;1_4,3_4&#8243; _builder_version=&#8221;4.25.1&#8243; _module_preset=&#8221;default&#8221; custom_margin=&#8221;80px||||false|false&#8221; global_colors_info=&#8221;{}&#8221;][et_pb_column type=&#8221;1_4&#8243; _builder_version=&#8221;4.24.3&#8243; _module_preset=&#8221;default&#8221; global_colors_info=&#8221;{}&#8221;][et_pb_text _builder_version=&#8221;4.25.1&#8243; _module_preset=&#8221;default&#8221; header_font=&#8221;|800|||||||&#8221; header_text_color=&#8221;gcid-9f99e831-216c-4f5b-b9fb-db3f6040ff93&#8243; header_font_size=&#8221;34px&#8221; header_line_height=&#8221;1.4em&#8221; header_2_font=&#8221;Mulish|800|||||||&#8221; header_2_text_color=&#8221;gcid-9f99e831-216c-4f5b-b9fb-db3f6040ff93&#8243; header_2_font_size=&#8221;32px&#8221; header_2_line_height=&#8221;1.3em&#8221; header_font_size_tablet=&#8221;31px&#8221; header_font_size_phone=&#8221;29px&#8221; header_font_size_last_edited=&#8221;on|phone&#8221; global_colors_info=&#8221;{%22gcid-9f99e831-216c-4f5b-b9fb-db3f6040ff93%22:%91%22header_text_color%22,%22header_2_text_color%22%93}&#8221;]<\/p>\n<h1><span>Gon\u00e7alves Brasil desde 1939<br \/><\/span><\/h1>\n<p>[\/et_pb_text][\/et_pb_column][et_pb_column type=&#8221;3_4&#8243; _builder_version=&#8221;4.24.3&#8243; _module_preset=&#8221;default&#8221; global_colors_info=&#8221;{}&#8221;][et_pb_text _builder_version=&#8221;4.27.4&#8243; _module_preset=&#8221;default&#8221; text_font=&#8221;Mulish||||||||&#8221; text_text_color=&#8221;#014051&#8243; text_line_height=&#8221;1.5em&#8221; header_text_color=&#8221;gcid-9f99e831-216c-4f5b-b9fb-db3f6040ff93&#8243; header_2_line_height=&#8221;1.2em&#8221; hover_enabled=&#8221;0&#8243; global_colors_info=&#8221;{%22gcid-9f99e831-216c-4f5b-b9fb-db3f6040ff93%22:%91%22header_text_color%22%93}&#8221; sticky_enabled=&#8221;0&#8243;]<\/p>\n<h2>\u00bfQuieres saber un poco m\u00e1s de nuestra historia?<\/h2>\n<p>\u00a1Te invito a viajar en el tiempo con nosotros y aprender m\u00e1s sobre nuestro largo viaje en el video a continuaci\u00f3n![\/et_pb_text][et_pb_video src=&#8221;https:\/\/youtu.be\/t4mJ0Tse6ok?feature=shared&#8221; _builder_version=&#8221;4.25.1&#8243; _module_preset=&#8221;default&#8221; global_colors_info=&#8221;{}&#8221;][\/et_pb_video][\/et_pb_column][\/et_pb_row][et_pb_row _builder_version=&#8221;4.25.1&#8243; _module_preset=&#8221;default&#8221; width=&#8221;100%&#8221; max_width=&#8221;100%&#8221; global_colors_info=&#8221;{}&#8221;][et_pb_column type=&#8221;4_4&#8243; _builder_version=&#8221;4.24.3&#8243; _module_preset=&#8221;default&#8221; global_colors_info=&#8221;{}&#8221;][et_pb_image src=&#8221;https:\/\/goncalves.com.br\/es\/wp-content\/uploads\/2024\/05\/industria-de-embalagens-1-1.jpg&#8221; title_text=&#8221;industria-de-embalagens-1&#8243; _builder_version=&#8221;4.25.1&#8243; _module_preset=&#8221;default&#8221; global_colors_info=&#8221;{}&#8221;][\/et_pb_image][et_pb_text _builder_version=&#8221;4.27.4&#8243; _module_preset=&#8221;default&#8221; text_text_color=&#8221;#FFFFFF&#8221; text_font_size=&#8221;17px&#8221; text_line_height=&#8221;1.4em&#8221; header_4_font=&#8221;|800|||||||&#8221; header_4_text_align=&#8221;right&#8221; header_4_text_color=&#8221;#FFFFFF&#8221; header_4_font_size=&#8221;40px&#8221; positioning=&#8221;absolute&#8221; position_origin_a=&#8221;center_right&#8221; horizontal_offset=&#8221;65px&#8221; text_orientation=&#8221;right&#8221; width=&#8221;100%&#8221; hover_enabled=&#8221;0&#8243; header_4_font_size_tablet=&#8221;26px&#8221; header_4_font_size_phone=&#8221;19px&#8221; header_4_font_size_last_edited=&#8221;on|phone&#8221; global_colors_info=&#8221;{}&#8221; sticky_enabled=&#8221;0&#8243;]<\/p>\n<h4>Nuestra sede<br \/>\nen Cajamar,<br \/>\nBrasil.<span><\/span><\/h4>\n<p>[\/et_pb_text][\/et_pb_column][\/et_pb_row][et_pb_row column_structure=&#8221;1_4,3_4&#8243; _builder_version=&#8221;4.24.3&#8243; _module_preset=&#8221;default&#8221; global_colors_info=&#8221;{}&#8221;][et_pb_column type=&#8221;1_4&#8243; _builder_version=&#8221;4.24.3&#8243; _module_preset=&#8221;default&#8221; global_colors_info=&#8221;{}&#8221;][et_pb_text _builder_version=&#8221;4.27.4&#8243; _module_preset=&#8221;default&#8221; text_font=&#8221;Mulish||||||||&#8221; text_text_color=&#8221;#014051&#8243; header_3_font=&#8221;|700|||||||&#8221; header_3_font_size=&#8221;28px&#8221; header_3_line_height=&#8221;1.3em&#8221; hover_enabled=&#8221;0&#8243; header_3_font_size_tablet=&#8221;28px&#8221; header_3_font_size_phone=&#8221;25px&#8221; header_3_font_size_last_edited=&#8221;on|phone&#8221; global_colors_info=&#8221;{}&#8221; sticky_enabled=&#8221;0&#8243;]<\/p>\n<h3>Invertimos m\u00e1s de 15 millones de d\u00f3lares en innovaciones tecnol\u00f3gicas entre 2021 y 2024.<\/h3>\n<p>[\/et_pb_text][\/et_pb_column][et_pb_column type=&#8221;3_4&#8243; _builder_version=&#8221;4.24.3&#8243; _module_preset=&#8221;default&#8221; global_colors_info=&#8221;{}&#8221;][et_pb_text _builder_version=&#8221;4.27.4&#8243; _module_preset=&#8221;default&#8221; hover_enabled=&#8221;0&#8243; global_colors_info=&#8221;{}&#8221; sticky_enabled=&#8221;0&#8243;]<\/p>\n<p>La innovaci\u00f3n tecnol\u00f3gica es, sin duda, uno de los activos que nos permiten ofrecer a nuestros clientes productos y servicios diferenciados, con alta calidad y agilidad.<\/p>\n<p>Siguiendo de cerca los lanzamientos de la industria en materia de equipos gr\u00e1ficos, hemos reforzado nuestra estructura con las m\u00e1s avanzadas m\u00e1quinas y sistemas digitales para las distintas etapas del proceso productivo del packaging, siempre enfocados en la mejor soluci\u00f3n para nuestros clientes.<\/p>\n<p>[\/et_pb_text][\/et_pb_column][\/et_pb_row][et_pb_row _builder_version=&#8221;4.25.1&#8243; _module_preset=&#8221;default&#8221; global_colors_info=&#8221;{}&#8221;][et_pb_column type=&#8221;4_4&#8243; _builder_version=&#8221;4.24.3&#8243; _module_preset=&#8221;default&#8221; global_colors_info=&#8221;{}&#8221;][dipi_image_gallery thumbs_count=&#8221;6&#8243; thumbs_navigation=&#8221;on&#8221; enable_popup=&#8221;on&#8221; main_navigation=&#8221;on&#8221; _builder_version=&#8221;4.27.4&#8243; _module_preset=&#8221;default&#8221; hover_enabled=&#8221;0&#8243; global_colors_info=&#8221;{}&#8221; sticky_enabled=&#8221;0&#8243;][dipi_image_gallery_child item_image=&#8221;http:\/\/www.goncalves.com.br\/wp-content\/uploads\/industria-de-embalagens-1.jpg&#8221; main_carousel_show_content=&#8221;on&#8221; image_title=&#8221;Nossa sede em Cajamar, Brasil&#8221; _builder_version=&#8221;4.25.1&#8243; _module_preset=&#8221;default&#8221; header_level=&#8221;h3&#8243; header_text_color=&#8221;#FFFFFF&#8221; header_text_shadow_style=&#8221;preset4&#8243; header_text_shadow_color=&#8221;#000000&#8243; global_colors_info=&#8221;{}&#8221;][\/dipi_image_gallery_child][dipi_image_gallery_child item_image=&#8221;http:\/\/www.goncalves.com.br\/wp-content\/uploads\/industria-de-embalagens-3.jpg&#8221; main_carousel_show_content=&#8221;on&#8221; image_title=&#8221;Potencial de 19 linhas de produ\u00e7\u00e3o simult\u00e2neas&#8221; show_content_overlay=&#8221;on&#8221; overlay_bg_color=&#8221;rgba(0,0,0,0.3)&#8221; _builder_version=&#8221;4.25.1&#8243; _module_preset=&#8221;default&#8221; header_level=&#8221;h3&#8243; header_text_color=&#8221;#FFFFFF&#8221; header_text_shadow_style=&#8221;preset4&#8243; global_colors_info=&#8221;{}&#8221;][\/dipi_image_gallery_child][dipi_image_gallery_child item_image=&#8221;http:\/\/www.goncalves.com.br\/wp-content\/uploads\/industria-de-embalagens-2.jpg&#8221; main_carousel_show_content=&#8221;on&#8221; image_title=&#8221;Mais de 7 campos de futebol em \u00e1rea produtiva (Brasil e M\u00e9xico)&#8221; show_content_overlay=&#8221;on&#8221; overlay_bg_color=&#8221;rgba(0,0,0,0.3)&#8221; _builder_version=&#8221;4.25.1&#8243; _module_preset=&#8221;default&#8221; header_level=&#8221;h3&#8243; header_font=&#8221;||||||||&#8221; header_text_color=&#8221;#FFFFFF&#8221; header_text_shadow_style=&#8221;preset4&#8243; header_text_shadow_color=&#8221;#000000&#8243; global_colors_info=&#8221;{}&#8221;][\/dipi_image_gallery_child][dipi_image_gallery_child item_image=&#8221;http:\/\/www.goncalves.com.br\/wp-content\/uploads\/industria-de-embalagens-5.jpg&#8221; main_carousel_show_content=&#8221;on&#8221; image_title=&#8221;4 meses garantidos de produ\u00e7\u00e3o ininterrupta&#8221; show_content_overlay=&#8221;on&#8221; overlay_bg_color=&#8221;rgba(0,0,0,0.3)&#8221; _builder_version=&#8221;4.25.1&#8243; _module_preset=&#8221;default&#8221; header_level=&#8221;h3&#8243; header_text_color=&#8221;#FFFFFF&#8221; header_text_shadow_style=&#8221;preset4&#8243; global_colors_info=&#8221;{}&#8221;][\/dipi_image_gallery_child][dipi_image_gallery_child item_image=&#8221;http:\/\/www.goncalves.com.br\/wp-content\/uploads\/industria-de-embalagens-4.jpg&#8221; main_carousel_show_content=&#8221;on&#8221; image_title=&#8221;Mais de 3.500 posi\u00e7\u00f5es dispon\u00edveis em Sistema Kanban&#8221; show_content_overlay=&#8221;on&#8221; overlay_bg_color=&#8221;rgba(0,0,0,0.3)&#8221; _builder_version=&#8221;4.25.1&#8243; _module_preset=&#8221;default&#8221; header_level=&#8221;h3&#8243; header_text_color=&#8221;#FFFFFF&#8221; header_text_shadow_style=&#8221;preset4&#8243; global_colors_info=&#8221;{}&#8221;][\/dipi_image_gallery_child][dipi_image_gallery_child item_image=&#8221;http:\/\/www.goncalves.com.br\/wp-content\/uploads\/industria-de-embalagens-12.jpg&#8221; main_carousel_show_content=&#8221;on&#8221; image_title=&#8221;Vista a\u00e9rea de nossa sede no Brasil&#8221; _builder_version=&#8221;4.25.1&#8243; _module_preset=&#8221;default&#8221; header_level=&#8221;h3&#8243; header_text_color=&#8221;#FFFFFF&#8221; header_text_shadow_style=&#8221;preset4&#8243; global_colors_info=&#8221;{}&#8221;][\/dipi_image_gallery_child][dipi_image_gallery_child item_image=&#8221;http:\/\/www.goncalves.com.br\/wp-content\/uploads\/industria-de-embalagens-11.jpg&#8221; main_carousel_show_content=&#8221;on&#8221; image_title=&#8221;Uma de nossas cortadeiras e apenas 1 dos muitos exemplos que temos sobre nossa preocupa\u00e7\u00e3o com sustentabilidade.&#8221; show_content_overlay=&#8221;on&#8221; overlay_bg_color=&#8221;rgba(0,0,0,0.3)&#8221; _builder_version=&#8221;4.25.1&#8243; _module_preset=&#8221;default&#8221; header_level=&#8221;h3&#8243; header_text_align=&#8221;center&#8221; header_text_color=&#8221;#FFFFFF&#8221; header_text_shadow_style=&#8221;preset4&#8243; global_colors_info=&#8221;{}&#8221;][\/dipi_image_gallery_child][dipi_image_gallery_child item_image=&#8221;http:\/\/www.goncalves.com.br\/wp-content\/uploads\/industria-de-embalagens-10.jpg&#8221; main_carousel_show_content=&#8221;on&#8221; image_title=&#8221;Checagem de cores para garantia da qualidade e unidade de todas as tiragens&#8221; _builder_version=&#8221;4.25.1&#8243; _module_preset=&#8221;default&#8221; header_level=&#8221;h3&#8243; header_text_color=&#8221;#FFFFFF&#8221; header_text_shadow_style=&#8221;preset4&#8243; global_colors_info=&#8221;{}&#8221;][\/dipi_image_gallery_child][dipi_image_gallery_child item_image=&#8221;http:\/\/www.goncalves.com.br\/wp-content\/uploads\/industria-de-embalagens-9.jpg&#8221; main_carousel_show_content=&#8221;on&#8221; image_title=&#8221;Checagem de impress\u00f5es na linha de produ\u00e7\u00e3o&#8221; _builder_version=&#8221;4.25.1&#8243; _module_preset=&#8221;default&#8221; header_level=&#8221;h3&#8243; header_text_color=&#8221;#FFFFFF&#8221; header_text_shadow_style=&#8221;preset4&#8243; global_colors_info=&#8221;{}&#8221;][\/dipi_image_gallery_child][dipi_image_gallery_child item_image=&#8221;http:\/\/www.goncalves.com.br\/wp-content\/uploads\/industria-de-embalagens-8.jpg&#8221; main_carousel_show_content=&#8221;on&#8221; image_title=&#8221;\u00c1rea da Galeria de Facas de cada embalagem produzida em nossa sede&#8221; _builder_version=&#8221;4.25.1&#8243; _module_preset=&#8221;default&#8221; header_level=&#8221;h3&#8243; header_text_color=&#8221;#FFFFFF&#8221; header_text_shadow_style=&#8221;preset4&#8243; global_colors_info=&#8221;{}&#8221;][\/dipi_image_gallery_child][dipi_image_gallery_child item_image=&#8221;http:\/\/www.goncalves.com.br\/wp-content\/uploads\/industria-de-embalagens-7.jpg&#8221; main_carousel_show_content=&#8221;on&#8221; image_title=&#8221;Impress\u00f5es especiais em MGI&#8221; _builder_version=&#8221;4.25.1&#8243; _module_preset=&#8221;default&#8221; header_level=&#8221;h3&#8243; header_text_color=&#8221;#FFFFFF&#8221; header_text_shadow_style=&#8221;preset4&#8243; global_colors_info=&#8221;{}&#8221;][\/dipi_image_gallery_child][\/dipi_image_gallery][\/et_pb_column][\/et_pb_row][\/et_pb_section]<\/p>\n","protected":false},"excerpt":{"rendered":"<p>Gon\u00e7alves Brasil desde 1939\u00bfQuieres saber un poco m\u00e1s de nuestra historia? \u00a1Te invito a viajar en el tiempo con nosotros y aprender m\u00e1s sobre nuestro largo viaje en el video a continuaci\u00f3n!Nuestra sede en Cajamar, Brasil.Invertimos m\u00e1s de 15 millones de d\u00f3lares en innovaciones tecnol\u00f3gicas entre 2021 y 2024.La innovaci\u00f3n tecnol\u00f3gica es, sin duda, uno [&hellip;]<\/p>\n","protected":false},"author":1,"featured_media":0,"parent":0,"menu_order":10,"comment_status":"closed","ping_status":"closed","template":"","meta":{"_et_pb_use_builder":"on","_et_pb_old_content":"<span class=\"fa fa-map-marker\">\u00a0<\/span>Av. Ribeir\u00e3o dos Cristais, 340 - 07775-240 - Cajamar - SP\n\n<span class=\"fa fa-phone\">\u00a0<\/span>+55 (11) 4689-4700\n\n<span class=\"fa fa-envelope-o\">\u00a0<\/span><a href=\"mailto:goncalves@goncalves.com.br\">goncalves@goncalves.com.br<\/a>\n\n<span class=\"fa fa-lock\">\u00a0<\/span>Encarregado LGPD: \nFigueiredo Filho Sociedade I. de Advocacia\n<a href=\"https:\/\/forms.gle\/oQ7XB4ze5LTTPyxP7\">Entre em contato<\/a>","_et_gb_content_width":"","footnotes":""},"dipi_cpt_category":[],"class_list":["post-94","page","type-page","status-publish","hentry"],"_links":{"self":[{"href":"https:\/\/goncalves.com.br\/es\/wp-json\/wp\/v2\/pages\/94","targetHints":{"allow":["GET"]}}],"collection":[{"href":"https:\/\/goncalves.com.br\/es\/wp-json\/wp\/v2\/pages"}],"about":[{"href":"https:\/\/goncalves.com.br\/es\/wp-json\/wp\/v2\/types\/page"}],"author":[{"embeddable":true,"href":"https:\/\/goncalves.com.br\/es\/wp-json\/wp\/v2\/users\/1"}],"replies":[{"embeddable":true,"href":"https:\/\/goncalves.com.br\/es\/wp-json\/wp\/v2\/comments?post=94"}],"version-history":[{"count":1,"href":"https:\/\/goncalves.com.br\/es\/wp-json\/wp\/v2\/pages\/94\/revisions"}],"predecessor-version":[{"id":1740,"href":"https:\/\/goncalves.com.br\/es\/wp-json\/wp\/v2\/pages\/94\/revisions\/1740"}],"wp:attachment":[{"href":"https:\/\/goncalves.com.br\/es\/wp-json\/wp\/v2\/media?parent=94"}],"wp:term":[{"taxonomy":"dipi_cpt_category","embeddable":true,"href":"https:\/\/goncalves.com.br\/es\/wp-json\/wp\/v2\/dipi_cpt_category?post=94"}],"curies":[{"name":"wp","href":"https:\/\/api.w.org\/{rel}","templated":true}]}}